{"id":419787,"date":"2021-12-26T20:57:22","date_gmt":"2021-12-26T17:57:22","guid":{"rendered":"https:\/\/arantv.az\/?page_id=419787"},"modified":"2021-12-27T18:50:53","modified_gmt":"2021-12-27T15:50:53","slug":"%c9%99laq%c9%99","status":"publish","type":"page","link":"https:\/\/arantv.az\/?page_id=419787","title":{"rendered":"\u018fLAQ\u018f"},"content":{"rendered":"<link rel=\"stylesheet\" href=\"https:\/\/cdnjs.cloudflare.com\/ajax\/libs\/font-awesome\/5.15.2\/css\/all.min.css\"\/>\n<style>\/* Google Font CDN Link *\/<\/p>\n<p>   @import url('https:\/\/fonts.googleapis.com\/css2?family=Poppins:wght@200;300;400;500;600;700&display=swap');\n    *{\n      margin: 0;\n      padding: 0;\n      box-sizing: border-box;\n      font-family: \"Poppins\" , sans-serif;\n    }\n    .containerdiv{\n      min-height: 100vh;\n      width: 100%;\n      background: #c8e8e9;\n      display: flex;\n      align-items: center;\n      justify-content: center;\n    }\n    .containerd{\n      width: 85%;\n      background: #fff;\n      border-radius: 6px;\n      padding: 20px 60px 30px 40px;\n      box-shadow: 0 5px 10px rgba(0, 0, 0, 0.2);\n    }\n    .containerd .contentd{\n      display: flex;\n      align-items: center;\n      justify-content: space-between;\n    }\n    .containerd .contentd .left-sidef{\n      width: 25%;\n      height: 100%;\n      display: flex;\n      flex-direction: column;\n      align-items: center;\n      justify-content: center;\n      margin-top: 15px;\n      position: relative;\n    }\n    .contentd .left-sidef::before{\n      content: '';\n      position: absolute;\n      height: 70%;\n      width: 2px;\n      right: -15px;\n      top: 50%;\n      transform: translateY(-50%);\n      background: #afafb6;\n    }\n    .contentd .left-sidef .details{\n      margin: 14px;\n      text-align: center;\n    }\n    .contentd .left-sidef .details i{\n      font-size: 30px;\n      color: #3e2093;\n      margin-bottom: 10px;\n    }\n    .contentd .left-sidef .details .topicsf{\n      font-size: 18px;\n      font-weight: 500;\n    }\n    .contentd .left-sidef .details .text-onef,\n    .contentd .left-sidef .details .text-twof{\n      font-size: 14px;\n      color: #afafb6;\n    }\n    .containerd .contentd .right-sidef{\n      width: 75%;\n      margin-left: 75px;\n    }\n    .contentd .right-sidef .topic-textf{\n      font-size: 23px;\n      font-weight: 600;\n      color: #3e2093;\n    }\n    .right-sideg{\n      font-size: 15px;\n    }<\/p>\n<p>    @media (max-width: 950px) {\n      .containerd{\n        width: 90%;\n        padding: 30px 40px 40px 35px ;\n      }\n      .containerd .contentd .right-side{\n       width: 75%;\n       margin-left: 55px;\n    }\n    }\n    @media (max-width: 820px) {\n      .containerd{\n        margin: 40px 0;\n        height: 100%;\n      }\n      .containerd .contentd{\n        flex-direction: column-reverse;\n      }\n     .containerd .contentd .left-sidef{\n       width: 100%;\n       flex-direction: row;\n       margin-top: 40px;\n       justify-content: center;\n       flex-wrap: wrap;\n     }\n     .containerd .contentd .left-sidef::before{\n       display: none;\n     }\n     .containerd .contentd .right-sidef{\n       width: 100%;\n       margin-left: 0;\n     }\n    }<\/p>\n<\/style>\n<div class=\"containerdiv\">\n<div class=\"containerd\">\n<div class=\"contentd\">\n<div class=\"left-sidef\">\n<div class=\"address details\">\n          <i class=\"fas fa-map-marker-alt\"><\/i><\/p>\n<div class=\"topicsf\">\u00dcnvan<\/div>\n<div class=\"text-onef\"><a href=\"https:\/\/goo.gl\/maps\/qKND7HouSWmxcZZz9\">Bak\u0131 \u015f\u0259h\u0259ri, Yasamal rayonu, Az\u0259rbaycan N\u0259\u015friyyat\u0131.<\/a><\/div>\n<p><\/p>\n<div class=\"text-twof\"><a href=\"https:\/\/goo.gl\/maps\/HZNUS9kUkB43J3QCA\">B\u0259rd\u0259 \u015f\u0259h\u0259ri , Heyd\u0259r \u018fliyev prospekti 77.<\/a><\/div>\n<\/p><\/div>\n<div class=\"phone details\">\n          <i class=\"fas fa-phone-alt\"><\/i><\/p>\n<div class=\"topicsf\">\u018flaq\u0259<\/div>\n<div class=\"text-onef\"><a href=\"tel:+994556850667\">+994 55 685 06 67<\/a><\/div>\n<\/p><\/div>\n<div class=\"email details\">\n          <i class=\"fas fa-envelope\"><\/i><\/p>\n<div class=\"topicsf\">Email<\/div>\n<div class=\"text-onef\"><a href = \"mailto: aranmediaqazeti@gmail.com\">aranmediaqazeti@gmail.com<\/a><\/div>\n<\/p><\/div>\n<\/p><\/div>\n<div class=\"right-sidef\">\n<div class=\"topic-textf\"><a href=\"https:\/\/arantv.az\">ARANTV.AZ<\/a><\/div>\n<p><\/p>\n<p class=\"right-sideg\">\u201cAran Media Group\u201da daxil olan Aran TV internet televiziyas\u0131 2016-c\u0131 ilin yanvar ay\u0131ndan f\u0259aliyy\u0259t g\u00f6st\u0259rir. Aran TV-nin  yarad\u0131lmas\u0131nda m\u0259qs\u0259d d\u00fcnyada v\u0259 \u00f6lk\u0259d\u0259 bas\u0327 ver\u0259n \u0259n vacib v\u0259 maraql\u0131 x\u0259b\u0259rl\u0259ri genis\u0327 auditoriyaya t\u0259qdim etm\u0259kdir. <br \/>\n          Aran TV, \u00f6lk\u0259d\u0259 v\u0259 d\u00fcnyada bas\u0327 ver\u0259n \u0259n aktual v\u0259 maraql\u0131 hadis\u0259l\u0259r bar\u0259d\u0259 operativ x\u0259b\u0259rl\u0259r, oxucular\u0131 v\u0259 c\u0259miyy\u0259ti maraqland\u0131ran suallara cavablar, analitik m\u0259qal\u0259l\u0259r, foto v\u0259 videohesabatlar haz\u0131rlay\u0131r. <br \/>\n          Arantv.az Az\u0259rbaycan\u0131n media m\u0259kan\u0131nda \u00f6z layiqli yerini tutub v\u0259 \u0259n geni\u015f oxucu auditoriyas\u0131na malik x\u0259b\u0259r portallar\u0131ndan birin\u0259 \u00e7evrilib. <br \/>\n          \u201dAran Media\u201d q\u0259zeti Aran Media Qrupuna aid print (\u00e7ap) K\u0130V-dir. Bu q\u0259zetin ilk say\u0131 23 yanvar 2017-ci ild\u0259 d\u0259rc olunub.  <br \/>\n          \u201cAran Media\u201d q\u0259zeti, Az\u0259rbaycanda ayda 1 d\u0259f\u0259 \u00e7ap edilir. <br \/>\n          Aran Media qrupuna aid olan K\u0130V-l\u0259r bunlard\u0131r: <a href=\"https:\/\/arantv.az\">www.arantv.az<\/a>, Aran Media (i\u00e7timai-siyasi) q\u0259zet. <\/p>\n<p>          \u201cAran  Media Group\u201d-un direktoru : \u015eeyda \u018fzizova <br \/>\n          T\u0259sis\u00e7i: V\u00fcsal Bayramov <br \/> <br \/>\n          Ba\u015f redaktor : \u015eeyda \u018fzizova <br \/>\n          \u00dcnvan: Bak\u0131 \u015f\u0259h\u0259ri, Yasamal rayonu, M\u0259tbuat prospekti, 529-cu m\u0259h\u0259ll\u0259, Az\u0259rbaycan N\u0259\u015friyyat\u0131. <br \/>\n          B\u0259rd\u0259 \u015f\u0259h\u0259ri , Heyd\u0259r \u018fliyev prospekti,77-i. <br \/>\n          Telefon: (055) 685 06 67  <br \/>\n          Email: aranmediaqazeti@gmail.com \n    <\/div>\n<\/p><\/div>\n<\/p><\/div>\n<\/div>\n","protected":false},"excerpt":{"rendered":"<p>\u00dcnvan Bak\u0131 \u015f\u0259h\u0259ri, Yasamal rayonu, Az\u0259rbaycan N\u0259\u015friyyat\u0131. B\u0259rd\u0259 \u015f\u0259h\u0259ri , Heyd\u0259r \u018fliyev prospekti 77. \u018flaq\u0259 +994 55 685 06 67 Email aranmediaqazeti@gmail.com ARANTV.AZ \u201cAran Media Group\u201da daxil olan Aran TV internet televiziyas\u0131 2016-c\u0131 ilin yanvar ay\u0131ndan f\u0259aliyy\u0259t g\u00f6st\u0259rir. Aran TV-nin yarad\u0131lmas\u0131nda m\u0259qs\u0259d d\u00fcnyada v\u0259 \u00f6lk\u0259d\u0259 bas\u0327 ver\u0259n \u0259n vacib v\u0259 maraql\u0131 x\u0259b\u0259rl\u0259ri genis\u0327 auditoriyaya t\u0259qdim etm\u0259kdir. Aran TV, \u00f6lk\u0259d\u0259 v\u0259 d\u00fcnyada bas\u0327 ver\u0259n \u0259n aktual v\u0259 maraql\u0131 hadis\u0259l\u0259r bar\u0259d\u0259 operativ x\u0259b\u0259rl\u0259r, oxucular\u0131 v\u0259 c\u0259miyy\u0259ti maraqland\u0131ran suallara cavablar, analitik m\u0259qal\u0259l\u0259r, foto v\u0259 videohesabatlar haz\u0131rlay\u0131r. Arantv.az Az\u0259rbaycan\u0131n media m\u0259kan\u0131nda \u00f6z layiqli yerini&hellip;<\/p>\n","protected":false},"author":1,"featured_media":0,"parent":0,"menu_order":0,"comment_status":"closed","ping_status":"closed","template":"template-gutentor-full-width.php","meta":{"om_disable_all_campaigns":false,"_monsterinsights_skip_tracking":false,"_monsterinsights_sitenote_active":false,"_monsterinsights_sitenote_note":"","_monsterinsights_sitenote_category":0},"aioseo_notices":[],"rttpg_featured_image_url":null,"rttpg_author":{"display_name":"xeber","author_link":"https:\/\/arantv.az\/?author=1"},"rttpg_comment":0,"rttpg_category":null,"rttpg_excerpt":"\u00dcnvan Bak\u0131 \u015f\u0259h\u0259ri, Yasamal rayonu, Az\u0259rbaycan N\u0259\u015friyyat\u0131. B\u0259rd\u0259 \u015f\u0259h\u0259ri , Heyd\u0259r \u018fliyev prospekti 77. \u018flaq\u0259 +994 55 685 06 67 Email aranmediaqazeti@gmail.com ARANTV.AZ \u201cAran Media Group\u201da daxil olan Aran TV internet televiziyas\u0131 2016-c\u0131 ilin yanvar ay\u0131ndan f\u0259aliyy\u0259t g\u00f6st\u0259rir. Aran TV-nin yarad\u0131lmas\u0131nda m\u0259qs\u0259d d\u00fcnyada v\u0259 \u00f6lk\u0259d\u0259 bas\u0327 ver\u0259n \u0259n vacib v\u0259 maraql\u0131 x\u0259b\u0259rl\u0259ri genis\u0327 auditoriyaya t\u0259qdim&hellip;","_links":{"self":[{"href":"https:\/\/arantv.az\/index.php?rest_route=\/wp\/v2\/pages\/419787"}],"collection":[{"href":"https:\/\/arantv.az\/index.php?rest_route=\/wp\/v2\/pages"}],"about":[{"href":"https:\/\/arantv.az\/index.php?rest_route=\/wp\/v2\/types\/page"}],"author":[{"embeddable":true,"href":"https:\/\/arantv.az\/index.php?rest_route=\/wp\/v2\/users\/1"}],"replies":[{"embeddable":true,"href":"https:\/\/arantv.az\/index.php?rest_route=%2Fwp%2Fv2%2Fcomments&post=419787"}],"version-history":[{"count":0,"href":"https:\/\/arantv.az\/index.php?rest_route=\/wp\/v2\/pages\/419787\/revisions"}],"wp:attachment":[{"href":"https:\/\/arantv.az\/index.php?rest_route=%2Fwp%2Fv2%2Fmedia&parent=419787"}],"curies":[{"name":"wp","href":"https:\/\/api.w.org\/{rel}","templated":true}]}}